{"id":2557,"date":"2018-11-12T12:11:56","date_gmt":"2018-11-12T12:11:56","guid":{"rendered":"https:\/\/www.sgp-sa.com\/?page_id=2557"},"modified":"2019-03-14T01:06:43","modified_gmt":"2019-03-14T01:06:43","slug":"assurance-cybercriminalite","status":"publish","type":"page","link":"https:\/\/sgp-sa.com\/en\/assurances-professionelles\/assurance-cybercriminalite\/","title":{"rendered":"Cybercriminality insurance"},"content":{"rendered":"<p>Votre entreprise est-elle bien prot\u00e9g\u00e9e contre les cyber-risques ? La technologie est au c\u0153ur des diff\u00e9rents m\u00e9tiers et secteurs. C\u2019est pourquoi, pour les entreprises comme pour les entrepreneurs, c\u2019est devenu un \u00e9l\u00e9ment incontournable dans l\u2019exercice de leurs activit\u00e9s. Elle s\u2019est introduite graduellement dans notre quotidien que ce soit pour \u00e9changer des mails, stocker les diff\u00e9rents documents dans les serveurs, promouvoir les produits et services dans les diff\u00e9rents m\u00e9dias, etc. La tendance se confirme encore plus lorsqu\u2019il s\u2019agit du commerce en ligne ou des sites de e-commerce. Avec une telle d\u00e9pendance vis-\u00e0-vis de la technologie, on ne peut imaginer le devenant s\u2019il y a un quelconque incident affectant sa s\u00e9curit\u00e9. Et il devient important de pr\u00e9voir quelques solutions pour se relever apr\u00e8s un \u00e9ventuel sinistre. Conscients du challenge, les assureurs ont mis en place depuis quelques ann\u00e9es des protections adapt\u00e9es aux cyber-risques et qui viennent compl\u00e9ter l\u2019attirail des produits d\u2019assurances garantissant une gestion d\u2019incidents plus compl\u00e8te et plus optimis\u00e9e. Pourquoi les assurances cybers\u00e9curit\u00e9 sont primordiales pour les entreprises? Les garanties li\u00e9es aux cyber-risques sont relativement r\u00e9centes par rapport \u00e0 d\u2019autres produits d\u2019assurance. Elles sont mises en place de telle fa\u00e7on \u00e0 pouvoir suivre l\u2019\u00e9volution constante des technologies. Et il faut dire que cette \u00e9volution apporte toujours plus de risques de cyber attaques. Les attaquants ciblent notamment les bo\u00eetes mail et les r\u00e9seaux sociaux comme Facebook, Linkedin ou autres. Mais parfois, les gens n\u2019arrivent pas \u00e0 bien assimiler la gravit\u00e9 de ces attaques et \u00e0 comprendre le danger sous-jacent, car il demeure intangible contrairement \u00e0 un vol, un incendie ou tout autre sinistre. Quels sont les risques couverts par les assureurs? Une <a href=\"https:\/\/sgp-sa.com\/en\/assurances-professionelles\/assurance-cybercriminalite\/\" title=\"Read more on Assurance cybercriminalit\u00e9\" class=\"more-link\">read more<\/a><\/p>","protected":false},"excerpt":{"rendered":"<p>Votre entreprise est-elle bien prot\u00e9g\u00e9e contre les cyber-risques ? La technologie est au c\u0153ur des diff\u00e9rents m\u00e9tiers et secteurs. C\u2019est pourquoi, pour les entreprises comme pour les entrepreneurs, c\u2019est devenu un \u00e9l\u00e9ment incontournable dans l\u2019exercice de leurs activit\u00e9s. Elle s\u2019est introduite graduellement dans notre quotidien que ce soit pour \u00e9changer des mails, stocker les diff\u00e9rents &hellip;<\/p>","protected":false},"author":2,"featured_media":0,"parent":2486,"menu_order":0,"comment_status":"closed","ping_status":"closed","template":"","meta":{"footnotes":""},"_links":{"self":[{"href":"https:\/\/sgp-sa.com\/en\/wp-json\/wp\/v2\/pages\/2557"}],"collection":[{"href":"https:\/\/sgp-sa.com\/en\/wp-json\/wp\/v2\/pages"}],"about":[{"href":"https:\/\/sgp-sa.com\/en\/wp-json\/wp\/v2\/types\/page"}],"author":[{"embeddable":true,"href":"https:\/\/sgp-sa.com\/en\/wp-json\/wp\/v2\/users\/2"}],"replies":[{"embeddable":true,"href":"https:\/\/sgp-sa.com\/en\/wp-json\/wp\/v2\/comments?post=2557"}],"version-history":[{"count":0,"href":"https:\/\/sgp-sa.com\/en\/wp-json\/wp\/v2\/pages\/2557\/revisions"}],"up":[{"embeddable":true,"href":"https:\/\/sgp-sa.com\/en\/wp-json\/wp\/v2\/pages\/2486"}],"wp:attachment":[{"href":"https:\/\/sgp-sa.com\/en\/wp-json\/wp\/v2\/media?parent=2557"}],"curies":[{"name":"wp","href":"https:\/\/api.w.org\/{rel}","templated":true}]}}