{"id":2554,"date":"2018-11-12T12:10:48","date_gmt":"2018-11-12T12:10:48","guid":{"rendered":"https:\/\/www.sgp-sa.com\/?page_id=2554"},"modified":"2019-03-14T01:11:07","modified_gmt":"2019-03-14T01:11:07","slug":"assurance-maritime","status":"publish","type":"page","link":"https:\/\/sgp-sa.com\/en\/assurances-professionelles\/assurance-maritime\/","title":{"rendered":"Marine insurance"},"content":{"rendered":"<p>L\u2019assurance Maritime Le contrat d\u2019assurance maritime Le contrat d\u2019assurance maritime est un contrat par lequel l\u2019assureur s\u2019engage \u00e0 indemniser l\u2019assur\u00e9 des sinistres r\u00e9sultants des aventures maritimes, de la mani\u00e8re et dans les limites convenues dans le contrat\u2026 Lorsqu\u2019un navire, des marchandises ou autres meubles sont expos\u00e9s \u00e0 des p\u00e9rils de mer, ces biens sont d\u00e9sign\u00e9s sous le nom de \u00ab biens assurables \u00bb. L\u2019expression \u00ab p\u00e9rils de mer \u00bb d\u00e9signe les risques r\u00e9sultants ou d\u00e9coulants de la navigation maritime. La police d\u2019assurance \u00e9tant un contrat de bonne foi, l\u2019assur\u00e9 est tenu, au moment de sa conclusion, de \u00ab d\u00e9clarer exactement toutes les circonstances connues de lui qui sont de nature \u00e0 faire appr\u00e9cier par les\u00a0assureurs les risques qu\u2019ils prennent en charge\u00a0\u00bb Besoins de plus d&#8217;informations ? Remplissez ce formulaire et nous vous contacterons rapidement. &nbsp; &nbsp; * En validant cette demande d\u2019offre, j&#8217;accepte de recevoir des mailings et je reconnais avoir pris connaissance de la POLITIQUE DE CONFIDENTIALIT\u00c9 Demander un rendez-vous Nos conseillers sp\u00e9cialis\u00e9s se feront un plaisir de vous rencontrez !<\/p>","protected":false},"excerpt":{"rendered":"<p>L\u2019assurance Maritime Le contrat d\u2019assurance maritime Le contrat d\u2019assurance maritime est un contrat par lequel l\u2019assureur s\u2019engage \u00e0 indemniser l\u2019assur\u00e9 des sinistres r\u00e9sultants des aventures maritimes, de la mani\u00e8re et dans les limites convenues dans le contrat\u2026 Lorsqu\u2019un navire, des marchandises ou autres meubles sont expos\u00e9s \u00e0 des p\u00e9rils de mer, ces biens sont d\u00e9sign\u00e9s &hellip;<\/p>","protected":false},"author":2,"featured_media":0,"parent":2486,"menu_order":0,"comment_status":"closed","ping_status":"closed","template":"","meta":{"footnotes":""},"_links":{"self":[{"href":"https:\/\/sgp-sa.com\/en\/wp-json\/wp\/v2\/pages\/2554"}],"collection":[{"href":"https:\/\/sgp-sa.com\/en\/wp-json\/wp\/v2\/pages"}],"about":[{"href":"https:\/\/sgp-sa.com\/en\/wp-json\/wp\/v2\/types\/page"}],"author":[{"embeddable":true,"href":"https:\/\/sgp-sa.com\/en\/wp-json\/wp\/v2\/users\/2"}],"replies":[{"embeddable":true,"href":"https:\/\/sgp-sa.com\/en\/wp-json\/wp\/v2\/comments?post=2554"}],"version-history":[{"count":0,"href":"https:\/\/sgp-sa.com\/en\/wp-json\/wp\/v2\/pages\/2554\/revisions"}],"up":[{"embeddable":true,"href":"https:\/\/sgp-sa.com\/en\/wp-json\/wp\/v2\/pages\/2486"}],"wp:attachment":[{"href":"https:\/\/sgp-sa.com\/en\/wp-json\/wp\/v2\/media?parent=2554"}],"curies":[{"name":"wp","href":"https:\/\/api.w.org\/{rel}","templated":true}]}}