{"id":2545,"date":"2018-11-12T12:06:38","date_gmt":"2018-11-12T12:06:38","guid":{"rendered":"https:\/\/www.sgp-sa.com\/?page_id=2545"},"modified":"2019-03-14T01:09:38","modified_gmt":"2019-03-14T01:09:38","slug":"assurance-garantie-ouvrage","status":"publish","type":"page","link":"https:\/\/sgp-sa.com\/en\/assurances-professionelles\/assurance-garantie-ouvrage\/","title":{"rendered":"Prefinances insurance"},"content":{"rendered":"<p>LA RESPONSABILIT\u00c9 CIVILE DU MA\u00ceTRE DE L\u2019OUVRAGE (RCMO) Quelle responsabilit\u00e9 encourez-vous dans le cadre de votre construction ? AVEZ-VOUS IMAGIN\u00c9 CE QUI SE PASSERAIT SI UN ACCIDENT SURVENAIT DURANT LA CONSTRUCTION DE VOTRE FUTURE DEMEURE ? La loi instaure \u00e0 l\u2019\u00e9gard du ma\u00eetre de l\u2019ouvrage une responsabilit\u00e9 en cas de dommage Les dispositions l\u00e9gales suivantes sont essentielles pour le ma\u00eetre de l\u2019ouvrage : \u2022art 41 CO: \u201cCelui qui cause, d\u2019une mani\u00e8re illicite, un dommage \u00e0 autrui, soit intentionnellement, soit par n\u00e9gligence ou imprudence, est tenu de le r\u00e9parer.\u201d \u2022art 58 CO: \u201cLe propri\u00e9taire d\u2019un b\u00e2timent ou de tout autre ouvrage r\u00e9pond du dommage caus\u00e9 par des vices de construction ou par le d\u00e9faut d\u2019entretien.\u201d \u2022art 679 CC: \u201cCelui qui est atteint ou menac\u00e9 d\u2019un dommage parce qu\u2019un propri\u00e9taire exc\u00e8de son droit, peut actionner ce propri\u00e9taire pour qu\u2019il remette les choses en l\u2019\u00e9tat ou prenne des mesures en vue d\u2019\u00e9carter le danger, sans pr\u00e9judice de tous dommages int\u00e9r\u00eats. \u2022art. 684 CC: \u201cal. 1: Le propri\u00e9taire est tenu, dans l\u2019exercice de son droit, sp\u00e9cialement dans ses travaux d\u2019exploitation industrielle, de s\u2019abstenir de tout exc\u00e8s au d\u00e9triment de la propri\u00e9t\u00e9 du voisin. \u25e6al. 2: Sont interdits en particulier les \u00e9missions de fum\u00e9e ou de suie, les \u00e9manations incommodantes, les bruits, les tr\u00e9pidations qui ont un effet dommageable et qui exc\u00e8dent les limites de la tol\u00e9rance que se doivent les voisins eu \u00e9gard \u00e0 l\u2019usage local, \u00e0 la situation et \u00e0 la nature des immeubles\u201d. \u2022art 685 CC: \u201cLe propri\u00e9taire qui fait des fouilles ou des constructions ne doit pas nuire \u00e0 ses voisins en \u00e9branlant leur terrain, en l\u2019exposant \u00e0 un dommage ou <a href=\"https:\/\/sgp-sa.com\/en\/assurances-professionelles\/assurance-garantie-ouvrage\/\" title=\"Read more on Assurance garantie d&#8217;ouvrage\" class=\"more-link\">read more<\/a><\/p>","protected":false},"excerpt":{"rendered":"<p>LA RESPONSABILIT\u00c9 CIVILE DU MA\u00ceTRE DE L\u2019OUVRAGE (RCMO) Quelle responsabilit\u00e9 encourez-vous dans le cadre de votre construction ? AVEZ-VOUS IMAGIN\u00c9 CE QUI SE PASSERAIT SI UN ACCIDENT SURVENAIT DURANT LA CONSTRUCTION DE VOTRE FUTURE DEMEURE ? La loi instaure \u00e0 l\u2019\u00e9gard du ma\u00eetre de l\u2019ouvrage une responsabilit\u00e9 en cas de dommage Les dispositions l\u00e9gales suivantes &hellip;<\/p>","protected":false},"author":2,"featured_media":0,"parent":2486,"menu_order":0,"comment_status":"closed","ping_status":"closed","template":"","meta":{"footnotes":""},"_links":{"self":[{"href":"https:\/\/sgp-sa.com\/en\/wp-json\/wp\/v2\/pages\/2545"}],"collection":[{"href":"https:\/\/sgp-sa.com\/en\/wp-json\/wp\/v2\/pages"}],"about":[{"href":"https:\/\/sgp-sa.com\/en\/wp-json\/wp\/v2\/types\/page"}],"author":[{"embeddable":true,"href":"https:\/\/sgp-sa.com\/en\/wp-json\/wp\/v2\/users\/2"}],"replies":[{"embeddable":true,"href":"https:\/\/sgp-sa.com\/en\/wp-json\/wp\/v2\/comments?post=2545"}],"version-history":[{"count":0,"href":"https:\/\/sgp-sa.com\/en\/wp-json\/wp\/v2\/pages\/2545\/revisions"}],"up":[{"embeddable":true,"href":"https:\/\/sgp-sa.com\/en\/wp-json\/wp\/v2\/pages\/2486"}],"wp:attachment":[{"href":"https:\/\/sgp-sa.com\/en\/wp-json\/wp\/v2\/media?parent=2545"}],"curies":[{"name":"wp","href":"https:\/\/api.w.org\/{rel}","templated":true}]}}