{"id":2533,"date":"2018-11-12T11:58:12","date_gmt":"2018-11-12T11:58:12","guid":{"rendered":"https:\/\/www.sgp-sa.com\/?page_id=2533"},"modified":"2019-03-14T01:11:37","modified_gmt":"2019-03-14T01:11:37","slug":"assurance-transports","status":"publish","type":"page","link":"https:\/\/sgp-sa.com\/en\/assurances-professionelles\/assurance-transports\/","title":{"rendered":"Transport insurance"},"content":{"rendered":"<p>Assurance transports La Suisse importe, produit et exporte chaque ann\u00e9e des denr\u00e9es et prestations s\u2019\u00e9levant \u00e0 une valeur de plus de 100 milliards de francs. Une activit\u00e9 commerciale aussi vive entra\u00eene une activit\u00e9 intense en mati\u00e8re de transports, ainsi que des risques multiples. En effet, de nombreux incidents peuvent se produire durant le transport, tels que le vol ou la d\u00e9t\u00e9rioration de la marchandise suite \u00e0 un accident et les pr\u00e9tentions en responsabilit\u00e9 civile qui en d\u00e9coulent ne doivent pas \u00eatre sous-estim\u00e9es. Vous pouvez vous pr\u00e9munir des \u00e9normes d\u00e9g\u00e2ts mat\u00e9riels et dommages cons\u00e9cutifs qui pourraient en r\u00e9sulter gr\u00e2ce \u00e0 une gestion professionnelle des risques de transport. Vous avez la possibilit\u00e9 d\u2019assurer les marchandises en tout genre, qu\u2019il s\u2019agisse de machines, d\u2019installations \u00e9lectrotechniques ou encore de denr\u00e9es alimentaires ou de boissons. Malgr\u00e9 la distance parcourue, les aliments de qualit\u00e9 doivent conserver leur fra\u00eecheur en toute saison. En outre, les risques courus par vos marchandises durant le transport sont souvent incalculables et impr\u00e9visibles, sans oublier qu\u2019il faut respecter les r\u00e9glementations en mati\u00e8re de sant\u00e9 et d\u2019hygi\u00e8ne, les dispositions relatives \u00e0 l\u2019importation et \u00e0 l\u2019exportation et bien d\u2019autres choses encore. Les principales couvertures disponibles (liste non exhaustive) Assurance des responsabilit\u00e9s li\u00e9es aux transports de marchandises Responsabilit\u00e9 civile des manutentionnaires Responsabilit\u00e9 civile des transitaires Responsabilit\u00e9 civile des entrepositaires Responsabilit\u00e9 civile des transporteurs au niveau national et\/ou international (CMR) Responsabilit\u00e9 civile des entreprises de logistique Assurance pour marchandises et valeurs Denr\u00e9es alimentaires ou de boissons Valeurs Bijouterie &amp; horlogerie Instruments de musique Bagages Collections de mod\u00e8les Conteneur (casco) Pertes d\u2019exploitation et peines contractuelles Contact us Since our founding days we&#8217;ve transformed from a small insurance <a href=\"https:\/\/sgp-sa.com\/en\/assurances-professionelles\/assurance-transports\/\" title=\"Read more on Assurance Transports\" class=\"more-link\">read more<\/a><\/p>","protected":false},"excerpt":{"rendered":"<p>Assurance transports La Suisse importe, produit et exporte chaque ann\u00e9e des denr\u00e9es et prestations s\u2019\u00e9levant \u00e0 une valeur de plus de 100 milliards de francs. Une activit\u00e9 commerciale aussi vive entra\u00eene une activit\u00e9 intense en mati\u00e8re de transports, ainsi que des risques multiples. En effet, de nombreux incidents peuvent se produire durant le transport, tels &hellip;<\/p>","protected":false},"author":2,"featured_media":0,"parent":2486,"menu_order":0,"comment_status":"closed","ping_status":"closed","template":"","meta":{"footnotes":""},"_links":{"self":[{"href":"https:\/\/sgp-sa.com\/en\/wp-json\/wp\/v2\/pages\/2533"}],"collection":[{"href":"https:\/\/sgp-sa.com\/en\/wp-json\/wp\/v2\/pages"}],"about":[{"href":"https:\/\/sgp-sa.com\/en\/wp-json\/wp\/v2\/types\/page"}],"author":[{"embeddable":true,"href":"https:\/\/sgp-sa.com\/en\/wp-json\/wp\/v2\/users\/2"}],"replies":[{"embeddable":true,"href":"https:\/\/sgp-sa.com\/en\/wp-json\/wp\/v2\/comments?post=2533"}],"version-history":[{"count":0,"href":"https:\/\/sgp-sa.com\/en\/wp-json\/wp\/v2\/pages\/2533\/revisions"}],"up":[{"embeddable":true,"href":"https:\/\/sgp-sa.com\/en\/wp-json\/wp\/v2\/pages\/2486"}],"wp:attachment":[{"href":"https:\/\/sgp-sa.com\/en\/wp-json\/wp\/v2\/media?parent=2533"}],"curies":[{"name":"wp","href":"https:\/\/api.w.org\/{rel}","templated":true}]}}