{"id":2527,"date":"2018-11-12T11:42:05","date_gmt":"2018-11-12T11:42:05","guid":{"rendered":"https:\/\/www.sgp-sa.com\/?page_id=2527"},"modified":"2019-03-14T01:07:56","modified_gmt":"2019-03-14T01:07:56","slug":"assurance-de-protection-juridique-pour-professionnels","status":"publish","type":"page","link":"https:\/\/sgp-sa.com\/en\/assurances-professionelles\/assurance-de-protection-juridique-pour-professionnels\/","title":{"rendered":"Legal protection insurance for professional"},"content":{"rendered":"<p>Assurance de protection juridique pour professionnels Quels sont les litiges couverts par l\u2019assurance de protection professionnelle ? Les ind\u00e9pendants, les entreprises ou les collectivit\u00e9s publiques peuvent \u00e9galement conclure une\u00a0assurance protection juridique\u00a0qui intervient en cas de litiges li\u00e9s \u00e0 leurs\u00a0activit\u00e9s professionnelles. La prime d\u00e9pend fortement du type d\u2019activit\u00e9 et du risque de litige. Il existe des solutions d\u2019assurance cibl\u00e9es par profession (agriculteurs,\u00a0m\u00e9decins,\u00a0notaires,\u2026) ou selon le domaine d\u2019activit\u00e9 de l\u2019entreprise. Dans d\u2019autres cas, la prime peut parfois se n\u00e9gocier au cas par cas. Besoin de plus d&#8217;informations ? Remplissez ce formulaire et nous vous contacterons rapidement. &nbsp; &nbsp; * En validant cette demande d\u2019offre, j&#8217;accepte de recevoir des mailings et je reconnais avoir pris connaissance de la POLITIQUE DE CONFIDENTIALIT\u00c9 Demander un rendez-vous Nos conseillers sp\u00e9cialis\u00e9s se feront un plaisir de vous rencontrez !<\/p>","protected":false},"excerpt":{"rendered":"<p>Assurance de protection juridique pour professionnels Quels sont les litiges couverts par l\u2019assurance de protection professionnelle ? Les ind\u00e9pendants, les entreprises ou les collectivit\u00e9s publiques peuvent \u00e9galement conclure une\u00a0assurance protection juridique\u00a0qui intervient en cas de litiges li\u00e9s \u00e0 leurs\u00a0activit\u00e9s professionnelles. La prime d\u00e9pend fortement du type d\u2019activit\u00e9 et du risque de litige. Il existe des &hellip;<\/p>","protected":false},"author":2,"featured_media":0,"parent":2486,"menu_order":0,"comment_status":"closed","ping_status":"closed","template":"","meta":{"footnotes":""},"_links":{"self":[{"href":"https:\/\/sgp-sa.com\/en\/wp-json\/wp\/v2\/pages\/2527"}],"collection":[{"href":"https:\/\/sgp-sa.com\/en\/wp-json\/wp\/v2\/pages"}],"about":[{"href":"https:\/\/sgp-sa.com\/en\/wp-json\/wp\/v2\/types\/page"}],"author":[{"embeddable":true,"href":"https:\/\/sgp-sa.com\/en\/wp-json\/wp\/v2\/users\/2"}],"replies":[{"embeddable":true,"href":"https:\/\/sgp-sa.com\/en\/wp-json\/wp\/v2\/comments?post=2527"}],"version-history":[{"count":0,"href":"https:\/\/sgp-sa.com\/en\/wp-json\/wp\/v2\/pages\/2527\/revisions"}],"up":[{"embeddable":true,"href":"https:\/\/sgp-sa.com\/en\/wp-json\/wp\/v2\/pages\/2486"}],"wp:attachment":[{"href":"https:\/\/sgp-sa.com\/en\/wp-json\/wp\/v2\/media?parent=2527"}],"curies":[{"name":"wp","href":"https:\/\/api.w.org\/{rel}","templated":true}]}}