{"id":2494,"date":"2018-11-12T10:41:47","date_gmt":"2018-11-12T10:41:47","guid":{"rendered":"https:\/\/www.sgp-sa.com\/?page_id=2494"},"modified":"2019-03-14T01:07:39","modified_gmt":"2019-03-14T01:07:39","slug":"assurance-de-choses","status":"publish","type":"page","link":"https:\/\/sgp-sa.com\/en\/assurances-professionelles\/assurance-de-choses\/","title":{"rendered":"Insurance coverage"},"content":{"rendered":"<p>Assurances de choses On distingue deux sortes d\u2019assurances de choses: l\u2019assurance immobili\u00e8re et l\u2019assurance de biens mobiliers (marchandises, machines, outils, ordinateurs, v\u00e9hicules, etc.). L\u2019entrepreneur doit uniquement conclure une assurance immobili\u00e8re s\u2019il exerce son activit\u00e9 dans sa propri\u00e9t\u00e9. Tout ce qui est \u00e0 l\u2019int\u00e9rieur du b\u00e2timent est consid\u00e9r\u00e9 comme bien mobilier. A la base, les assurances de choses couvrent les dommages naturels, les incendies, les effractions et partiellement le bris de glace. La couverture n\u00e9cessaire d\u00e9pend grandement de la branche d\u2019activit\u00e9. Assurances de choses (ASA) Contact us Since our founding days we&#8217;ve transformed from a small insurance office covering just 1 county in the state of Utah to a vast, US-wide company. \u00a0 Request a Consultation With a full range of all possible insurance services imaginable, we&#8217;re offering you what thousands of our clients have already praised!<\/p>","protected":false},"excerpt":{"rendered":"<p>Assurances de choses On distingue deux sortes d\u2019assurances de choses: l\u2019assurance immobili\u00e8re et l\u2019assurance de biens mobiliers (marchandises, machines, outils, ordinateurs, v\u00e9hicules, etc.). L\u2019entrepreneur doit uniquement conclure une assurance immobili\u00e8re s\u2019il exerce son activit\u00e9 dans sa propri\u00e9t\u00e9. Tout ce qui est \u00e0 l\u2019int\u00e9rieur du b\u00e2timent est consid\u00e9r\u00e9 comme bien mobilier. A la base, les assurances &hellip;<\/p>","protected":false},"author":2,"featured_media":0,"parent":2486,"menu_order":0,"comment_status":"closed","ping_status":"closed","template":"","meta":{"footnotes":""},"_links":{"self":[{"href":"https:\/\/sgp-sa.com\/en\/wp-json\/wp\/v2\/pages\/2494"}],"collection":[{"href":"https:\/\/sgp-sa.com\/en\/wp-json\/wp\/v2\/pages"}],"about":[{"href":"https:\/\/sgp-sa.com\/en\/wp-json\/wp\/v2\/types\/page"}],"author":[{"embeddable":true,"href":"https:\/\/sgp-sa.com\/en\/wp-json\/wp\/v2\/users\/2"}],"replies":[{"embeddable":true,"href":"https:\/\/sgp-sa.com\/en\/wp-json\/wp\/v2\/comments?post=2494"}],"version-history":[{"count":0,"href":"https:\/\/sgp-sa.com\/en\/wp-json\/wp\/v2\/pages\/2494\/revisions"}],"up":[{"embeddable":true,"href":"https:\/\/sgp-sa.com\/en\/wp-json\/wp\/v2\/pages\/2486"}],"wp:attachment":[{"href":"https:\/\/sgp-sa.com\/en\/wp-json\/wp\/v2\/media?parent=2494"}],"curies":[{"name":"wp","href":"https:\/\/api.w.org\/{rel}","templated":true}]}}