{"id":2459,"date":"2018-11-12T09:30:26","date_gmt":"2018-11-12T09:30:26","guid":{"rendered":"https:\/\/www.sgp-sa.com\/?page_id=2459"},"modified":"2019-03-14T01:02:13","modified_gmt":"2019-03-14T01:02:13","slug":"assurance-vie-3-eme-pilier","status":"publish","type":"page","link":"https:\/\/sgp-sa.com\/en\/assurances-particuliers\/assurance-vie-3-eme-pilier\/","title":{"rendered":"Life insurance 3rd pillar"},"content":{"rendered":"<p>Assurance vie 3\u00e8me Pilier \u00a0 L\u2019assurance-vie sert avant tout \u00e0 vous pr\u00e9munir financi\u00e8rement, vous-m\u00eame ainsi que vos proches. En effet, personne ne sait de quoi demain sera fait et l\u2019assurance-vie sert \u00e0 se prot\u00e9ger contre cette incertitude. Il existe principalement deux types d\u2019assurance-vie\u00a0: L\u2019assurance risque pur\u00a0(ou assurance-d\u00e9c\u00e8s) qui prot\u00e8ge les proches de l\u2019assur\u00e9 en cas de d\u00e9c\u00e8s mais n\u2019apporte rien \u00e0 l\u2019assur\u00e9 lui-m\u00eame tant qu\u2019il est vivant et en bonne sant\u00e9. L\u2019assurance risque pur peut cependant inclure une assurance incapacit\u00e9 de gain qui garantit une rente \u00e0 l\u2019assur\u00e9 si un probl\u00e8me de sant\u00e9 le rend incapable de travailler. L\u2019assurance risque mixte\u00a0qui, en plus de prot\u00e9ger les proches, permet \u00e0 l\u2019assur\u00e9 de se constituer une \u00e9pargne. Si l\u2019assur\u00e9 est encore vivant au terme du contrat, il touchera cette \u00e9pargne. S\u2019il d\u00e9c\u00e8de, ce seront les b\u00e9n\u00e9ficiaires d\u00e9sign\u00e9s dans le contrat d\u2019assurance qui toucheront le capital vers\u00e9. Dans les deux cas, l\u2019assurance-vie vous permet, en cas de d\u00e9c\u00e8s, de laisser un capital \u00e0 votre conjoint et vos enfants de fa\u00e7on \u00e0 ce qu\u2019ils soient \u00e0 l\u2019abri du besoin. Le\u00a03\u00e8me\u00a0pilier, s\u2019il est souscrit aupr\u00e8s d\u2019un cabinet d\u2019assurances, est un produit d\u2019\u00e9pargne qui inclut\u00a0: Une\u00a0assurance d\u00e9c\u00e8s\u00a0permettant de prot\u00e9ger vos proches Une\u00a0assurance invalidit\u00e9\u00a0permettant de vous assurer une rente si vous vous trouvez dans l\u2019incapacit\u00e9 de travailler Une\u00a0\u00e9pargne\u00a0que vous faites fructifier et qui vous permet d\u2019assurer votre pr\u00e9voyance Qui dit 3\u00e8me\u00a0pilier ne dit pas forc\u00e9ment assurance-vie. Vous pouvez ainsi ouvrir un compte \u00e9pargne 3\u00e8me\u00a0pilier sans forc\u00e9ment souscrire une assurance-vie (c\u2019est le cas si vous le souscrivez aupr\u00e8s d\u2019une banque). Les compagnies d\u2019assurance proposent cependant souvent une assurance-vie dans le cadre d\u2019un contrat 3\u00e8me\u00a0pilier, l\u2019\u00e9pargne que vous vous <a href=\"https:\/\/sgp-sa.com\/en\/assurances-particuliers\/assurance-vie-3-eme-pilier\/\" title=\"Read more on Assurance vie 3\u00e8me Pilier\" class=\"more-link\">read more<\/a><\/p>","protected":false},"excerpt":{"rendered":"<p>Assurance vie 3\u00e8me Pilier \u00a0 L\u2019assurance-vie sert avant tout \u00e0 vous pr\u00e9munir financi\u00e8rement, vous-m\u00eame ainsi que vos proches. En effet, personne ne sait de quoi demain sera fait et l\u2019assurance-vie sert \u00e0 se prot\u00e9ger contre cette incertitude. Il existe principalement deux types d\u2019assurance-vie\u00a0: L\u2019assurance risque pur\u00a0(ou assurance-d\u00e9c\u00e8s) qui prot\u00e8ge les proches de l\u2019assur\u00e9 en cas &hellip;<\/p>","protected":false},"author":2,"featured_media":0,"parent":2484,"menu_order":0,"comment_status":"closed","ping_status":"closed","template":"","meta":{"footnotes":""},"_links":{"self":[{"href":"https:\/\/sgp-sa.com\/en\/wp-json\/wp\/v2\/pages\/2459"}],"collection":[{"href":"https:\/\/sgp-sa.com\/en\/wp-json\/wp\/v2\/pages"}],"about":[{"href":"https:\/\/sgp-sa.com\/en\/wp-json\/wp\/v2\/types\/page"}],"author":[{"embeddable":true,"href":"https:\/\/sgp-sa.com\/en\/wp-json\/wp\/v2\/users\/2"}],"replies":[{"embeddable":true,"href":"https:\/\/sgp-sa.com\/en\/wp-json\/wp\/v2\/comments?post=2459"}],"version-history":[{"count":0,"href":"https:\/\/sgp-sa.com\/en\/wp-json\/wp\/v2\/pages\/2459\/revisions"}],"up":[{"embeddable":true,"href":"https:\/\/sgp-sa.com\/en\/wp-json\/wp\/v2\/pages\/2484"}],"wp:attachment":[{"href":"https:\/\/sgp-sa.com\/en\/wp-json\/wp\/v2\/media?parent=2459"}],"curies":[{"name":"wp","href":"https:\/\/api.w.org\/{rel}","templated":true}]}}