{"id":2436,"date":"2018-11-12T08:42:56","date_gmt":"2018-11-12T08:42:56","guid":{"rendered":"https:\/\/www.sgp-sa.com\/?page_id=2436"},"modified":"2019-04-04T17:25:09","modified_gmt":"2019-04-04T17:25:09","slug":"assurance-voyage","status":"publish","type":"page","link":"https:\/\/sgp-sa.com\/en\/assurances-particuliers\/assurance-voyage\/","title":{"rendered":"Travel insurance"},"content":{"rendered":"<p>Assurance voyage Une maladie, un accident ou d\u2019autres \u00e9v\u00e9nements impr\u00e9vus peuvent vite g\u00e2cher votre r\u00eave de vacances. Avec l\u2019assurance frais d\u2019annulation de Zurich, vous \u00eates assur\u00e9 de n\u2019avoir rien \u00e0 payer. R\u00e9servations de vacances, s\u00e9jours linguistiques et \u00e9ducatifs que vous avez r\u00e9serv\u00e9s Voyages en avion, train et bateau r\u00e9serv\u00e9s Location de logements de vacances, bateaux, voitures de tourisme et camping-cars Si vous-m\u00eame ou l\u2019un de vos proches (membre de la famille, parent proche, fianc\u00e9, parrain ou marraine) \u00eates gravement malade, victime d\u2019un grave accident ou d\u00e9c\u00e9d\u00e9. Si, pour des raisons de sant\u00e9, votre suppl\u00e9ant ne peut assurer votre remplacement au travail. Si vos biens se trouvant \u00e0 votre domicile sont s\u00e9v\u00e8rement endommag\u00e9s, par exemple par un incendie ou un d\u00e9g\u00e2t des eaux. Quand les transports publics ou le taxi vous conduisant \u00e0 l\u2019a\u00e9roport ou \u00e0 la gare en Suisse vous font d\u00e9faut. Quand des gr\u00e8ves, des \u00e9meutes, des catastrophes naturelles ou des \u00e9pid\u00e9mies vous emp\u00eachent de partir en voyage. Remboursement des frais d\u2019annulation dus selon les dispositions contractuelles y compris les frais de traitement Si vous ne pouvez partir en voyage que plus tard, Zurich indemnise les prestations pour le s\u00e9jour dont vous n\u2019avez pas profit\u00e9 ainsi que les frais suppl\u00e9mentaires pour le report du d\u00e9part Le montant maximal de l\u2019indemnisation par l\u2019assurance frais d\u2019annulation est de CHF\u00a020\u2019000 par personne et CHF\u00a080\u2019000 pour l\u2019ensemble des personnes participant au voyage Besoin de plus d&#8217;informations ? Remplissez ce formulaire et nous vous contacterons rapidement. &nbsp; &nbsp; * En validant cette demande d\u2019offre, j&#8217;accepte de recevoir des mailings et je reconnais avoir pris connaissance de la POLITIQUE DE CONFIDENTIALIT\u00c9 Demander un rendez-vous Nos <a href=\"https:\/\/sgp-sa.com\/en\/assurances-particuliers\/assurance-voyage\/\" title=\"Read more on Assurance voyage\" class=\"more-link\">read more<\/a><\/p>","protected":false},"excerpt":{"rendered":"<p>Assurance voyage Une maladie, un accident ou d\u2019autres \u00e9v\u00e9nements impr\u00e9vus peuvent vite g\u00e2cher votre r\u00eave de vacances. Avec l\u2019assurance frais d\u2019annulation de Zurich, vous \u00eates assur\u00e9 de n\u2019avoir rien \u00e0 payer. R\u00e9servations de vacances, s\u00e9jours linguistiques et \u00e9ducatifs que vous avez r\u00e9serv\u00e9s Voyages en avion, train et bateau r\u00e9serv\u00e9s Location de logements de vacances, bateaux, &hellip;<\/p>","protected":false},"author":2,"featured_media":0,"parent":2484,"menu_order":0,"comment_status":"closed","ping_status":"closed","template":"","meta":{"footnotes":""},"_links":{"self":[{"href":"https:\/\/sgp-sa.com\/en\/wp-json\/wp\/v2\/pages\/2436"}],"collection":[{"href":"https:\/\/sgp-sa.com\/en\/wp-json\/wp\/v2\/pages"}],"about":[{"href":"https:\/\/sgp-sa.com\/en\/wp-json\/wp\/v2\/types\/page"}],"author":[{"embeddable":true,"href":"https:\/\/sgp-sa.com\/en\/wp-json\/wp\/v2\/users\/2"}],"replies":[{"embeddable":true,"href":"https:\/\/sgp-sa.com\/en\/wp-json\/wp\/v2\/comments?post=2436"}],"version-history":[{"count":0,"href":"https:\/\/sgp-sa.com\/en\/wp-json\/wp\/v2\/pages\/2436\/revisions"}],"up":[{"embeddable":true,"href":"https:\/\/sgp-sa.com\/en\/wp-json\/wp\/v2\/pages\/2484"}],"wp:attachment":[{"href":"https:\/\/sgp-sa.com\/en\/wp-json\/wp\/v2\/media?parent=2436"}],"curies":[{"name":"wp","href":"https:\/\/api.w.org\/{rel}","templated":true}]}}