{"id":2396,"date":"2018-11-12T07:21:46","date_gmt":"2018-11-12T07:21:46","guid":{"rendered":"https:\/\/www.sgp-sa.com\/?page_id=2396"},"modified":"2019-03-14T00:58:44","modified_gmt":"2019-03-14T00:58:44","slug":"assurance-maladie","status":"publish","type":"page","link":"https:\/\/sgp-sa.com\/en\/assurances-particuliers\/assurance-maladie\/","title":{"rendered":"Health insurance"},"content":{"rendered":"<p>Assurance maladie Toute personne domicili\u00e9e en Suisse doit souscrire \u00e0 une assurance maladie \u00ab\u00a0LAMAL\u00a0\u00bb. La LAMAL couvre les soins de base d\u00e9coulant d\u2019une maladie, maternit\u00e9 ou accident (\u00e0 condition qu\u2019aucune assurance-accident n\u2019en assume la charge). Il est important de savoir que la LAMAL couvre exclusivement les prestations pr\u00e9vues l\u00e9galement. Il est donc n\u00e9cessaire de souscrire \u00e0 une assurance compl\u00e9mentaire (LCA) afin de combler les lacunes de celle-ci. Contactez-nous pour des conseils gratuits ! Est-ce que vous vous \u00eates d\u00e9j\u00e0 demand\u00e9 qui payera votre salaire et pendant combien de temps si vous tombez malade ? Il faut savoir que l\u2019obligation faite \u00e0 l\u2019employeur de payer le salaire d\u2019un collaborateur en cong\u00e9 maladie est tr\u00e8s limit\u00e9e. Nous pouvons analyser gratuitement votre contrat de travail afin de v\u00e9rifier si vous \u00eates correctement assur\u00e9 en cas de maladie\u00a0et r\u00e9adapter votre couverture en cons\u00e9quence. Les assurances compl\u00e9mentaires servent \u00e0 couvrir les frais que l\u2019assurance obligatoire ne couvre pas. De nombreuses compagnies en proposent, mais attention, les tarifs et les prestations varient \u00e9norm\u00e9ment d\u2019une compagnie \u00e0 une autre. Voici quelques exemples de prestations couvertes par les compl\u00e9mentaires : \u2022 Hospitalisation : le choix de la division (commune\/mi-priv\u00e9\/priv\u00e9) en Suisse et \u00e0 l\u2019\u00e9trange, \u2022 Traitements ambulatoires : m\u00e9decine douce, frais de lunettes, de transports, \u2022 Assurance dentaire : appareil dentaires, soins dentaires, \u2022 Assurance voyage en cas de traitement d\u2019urgence \u00e0 l\u2019\u00e9tranger et de nombreuses autres prestations\u2026 Contactez-nous pour des conseils gratuits ! Besoins de plus d&#8217;informations ? Remplissez ce formulaire et nous vous contacterons rapidement. &nbsp; &nbsp; * En validant cette demande d\u2019offre, j&#8217;accepte de recevoir des mailings et je reconnais avoir pris connaissance de la <a href=\"https:\/\/sgp-sa.com\/en\/assurances-particuliers\/assurance-maladie\/\" title=\"Read more on Assurance maladie\" class=\"more-link\">read more<\/a><\/p>","protected":false},"excerpt":{"rendered":"<p>Assurance maladie Toute personne domicili\u00e9e en Suisse doit souscrire \u00e0 une assurance maladie \u00ab\u00a0LAMAL\u00a0\u00bb. La LAMAL couvre les soins de base d\u00e9coulant d\u2019une maladie, maternit\u00e9 ou accident (\u00e0 condition qu\u2019aucune assurance-accident n\u2019en assume la charge). Il est important de savoir que la LAMAL couvre exclusivement les prestations pr\u00e9vues l\u00e9galement. Il est donc n\u00e9cessaire de souscrire &hellip;<\/p>","protected":false},"author":2,"featured_media":0,"parent":2484,"menu_order":0,"comment_status":"closed","ping_status":"closed","template":"","meta":{"footnotes":""},"_links":{"self":[{"href":"https:\/\/sgp-sa.com\/en\/wp-json\/wp\/v2\/pages\/2396"}],"collection":[{"href":"https:\/\/sgp-sa.com\/en\/wp-json\/wp\/v2\/pages"}],"about":[{"href":"https:\/\/sgp-sa.com\/en\/wp-json\/wp\/v2\/types\/page"}],"author":[{"embeddable":true,"href":"https:\/\/sgp-sa.com\/en\/wp-json\/wp\/v2\/users\/2"}],"replies":[{"embeddable":true,"href":"https:\/\/sgp-sa.com\/en\/wp-json\/wp\/v2\/comments?post=2396"}],"version-history":[{"count":0,"href":"https:\/\/sgp-sa.com\/en\/wp-json\/wp\/v2\/pages\/2396\/revisions"}],"up":[{"embeddable":true,"href":"https:\/\/sgp-sa.com\/en\/wp-json\/wp\/v2\/pages\/2484"}],"wp:attachment":[{"href":"https:\/\/sgp-sa.com\/en\/wp-json\/wp\/v2\/media?parent=2396"}],"curies":[{"name":"wp","href":"https:\/\/api.w.org\/{rel}","templated":true}]}}