{"id":2383,"date":"2018-11-07T16:43:39","date_gmt":"2018-11-07T16:43:39","guid":{"rendered":"https:\/\/www.sgp-sa.com\/?page_id=2383"},"modified":"2019-03-14T01:01:06","modified_gmt":"2019-03-14T01:01:06","slug":"assurance-objet-de-valeur","status":"publish","type":"page","link":"https:\/\/sgp-sa.com\/en\/assurances-particuliers\/assurance-objet-de-valeur\/","title":{"rendered":"Valuables"},"content":{"rendered":"<p>Assurance objet de valeur ASSUREZ CE QUI VOUS EST CHER Assurance compl\u00e8te de vos objets pr\u00e9cieux \u00e0 leur valeur \u00e0 neuf, \u00e9galement valable \u00e0 l\u2019\u00e9tranger Assurance contre les d\u00e9t\u00e9riorations, le vol avec effraction, le vol simple, le d\u00e9troussement, la perte ou l\u2019\u00e9garement. L\u2019assurance est \u00e9galement valable pour les objets de valeur des membres de la famille vivant sous le m\u00eame toit. Vous pouvez d\u00e9terminer quels risques vous souhaitez assurer. Assurance de bijoux, montres, fourrures, tableaux, instruments de musique, sculptures, objets d\u2019art, armes de sport et de chasse, etc. L\u2019assurance objets de valeur peut \u00eatre conclue avec ou sans franchise. Assur\u00e9s lors de s\u00e9jours temporaires et voyages dans le monde entier, &nbsp;\u00e0 l\u2019exception des tableaux. (au maximum pendant un an) Avec une assurance pr\u00e9voyance (au maximum 10 % en plus du montant de couverture proprement dit), vos objets de valeur sont aussi assur\u00e9s correctement si leur valeur augmente. D\u00e9t\u00e9riorations et destruction Vol simple, vol avec effraction et d\u00e9troussement La perte, l\u2019\u00e9garement ou la disparition Dommages dus \u00e0 l\u2019effet du courant L\u2019assurance objets de valeur prend en charge la totalit\u00e9 des frais en cas de dommage aux objets de valeur assur\u00e9s, jusqu\u2019\u00e0 concurrence de la somme d\u2019assurance. Chaque objet doit \u00eatre mentionn\u00e9 et d\u00e9crit individuellement dans la police d\u2019assurance, pour les bijoux une expertise de moins de 6 mois est g\u00e9n\u00e9ralement demand\u00e9e par les compagnies. Le remboursement \u00e0 la valeur \u00e0 neuf de vos objets assur\u00e9s. Lorsque des bijoux ou montres assur\u00e9s sont vol\u00e9s alors que vous ne les portiez pas, que vous ne les surveilliez pas personnellement ou qu\u2019ils ne se trouvaient pas dans un coffre-fort, l\u2019indemnit\u00e9 est selon les assureurs, <a href=\"https:\/\/sgp-sa.com\/en\/assurances-particuliers\/assurance-objet-de-valeur\/\" title=\"Read more on Assurance objet de valeur\" class=\"more-link\">read more<\/a><\/p>","protected":false},"excerpt":{"rendered":"<p>Assurance objet de valeur ASSUREZ CE QUI VOUS EST CHER Assurance compl\u00e8te de vos objets pr\u00e9cieux \u00e0 leur valeur \u00e0 neuf, \u00e9galement valable \u00e0 l\u2019\u00e9tranger Assurance contre les d\u00e9t\u00e9riorations, le vol avec effraction, le vol simple, le d\u00e9troussement, la perte ou l\u2019\u00e9garement. L\u2019assurance est \u00e9galement valable pour les objets de valeur des membres de la &hellip;<\/p>","protected":false},"author":2,"featured_media":0,"parent":2484,"menu_order":0,"comment_status":"closed","ping_status":"closed","template":"","meta":{"footnotes":""},"_links":{"self":[{"href":"https:\/\/sgp-sa.com\/en\/wp-json\/wp\/v2\/pages\/2383"}],"collection":[{"href":"https:\/\/sgp-sa.com\/en\/wp-json\/wp\/v2\/pages"}],"about":[{"href":"https:\/\/sgp-sa.com\/en\/wp-json\/wp\/v2\/types\/page"}],"author":[{"embeddable":true,"href":"https:\/\/sgp-sa.com\/en\/wp-json\/wp\/v2\/users\/2"}],"replies":[{"embeddable":true,"href":"https:\/\/sgp-sa.com\/en\/wp-json\/wp\/v2\/comments?post=2383"}],"version-history":[{"count":0,"href":"https:\/\/sgp-sa.com\/en\/wp-json\/wp\/v2\/pages\/2383\/revisions"}],"up":[{"embeddable":true,"href":"https:\/\/sgp-sa.com\/en\/wp-json\/wp\/v2\/pages\/2484"}],"wp:attachment":[{"href":"https:\/\/sgp-sa.com\/en\/wp-json\/wp\/v2\/media?parent=2383"}],"curies":[{"name":"wp","href":"https:\/\/api.w.org\/{rel}","templated":true}]}}