{"id":1300,"date":"2017-01-12T15:30:07","date_gmt":"2017-01-12T15:30:07","guid":{"rendered":"https:\/\/sgp.tactilpad.ch\/?page_id=1300"},"modified":"2019-03-14T01:24:31","modified_gmt":"2019-03-14T01:24:31","slug":"privacy-policy","status":"publish","type":"page","link":"https:\/\/sgp-sa.com\/en\/privacy-policy\/","title":{"rendered":"Privacy policy"},"content":{"rendered":"<p>Politique de confidentialit\u00e9. Introduction Devant le d\u00e9veloppement des nouveaux outils de communication, il est n\u00e9cessaire de porter une attention particuli\u00e8re \u00e0 la protection de la vie priv\u00e9e. C&#8217;est pourquoi, nous nous engageons \u00e0 respecter la confidentialit\u00e9 des renseignements personnels que nous collectons. Collecte des renseignements personnels Nous collectons les renseignements suivants : Nom Pr\u00e9nom Adresse postale Code postal Adresse \u00e9lectronique Num\u00e9ro de t\u00e9l\u00e9phone \/ t\u00e9l\u00e9copieur Genre \/ Sexe \u00c2ge \/ Date de naissance Les renseignements personnels que nous collectons sont recueillis au travers de formulaires et gr\u00e2ce \u00e0 l&#8217;interactivit\u00e9 \u00e9tablie entre vous et notre site Web. Nous utilisons \u00e9galement, comme indiqu\u00e9 dans la section suivante, des fichiers t\u00e9moins et\/ou journaux pour r\u00e9unir des informations vous concernant. Formulaires\u00a0 et interactivit\u00e9: Vos renseignements personnels sont collect\u00e9s par le biais de formulaire, \u00e0 savoir : Formulaire d&#8217;inscription au site Web Formulaire de commande Nous utilisons les renseignements ainsi collect\u00e9s pour les finalit\u00e9s suivantes : Suivi de la commande Informations \/ Offres promotionnelles Contact Gestion du site Web (pr\u00e9sentation, organisation) Vos renseignements sont \u00e9galement collect\u00e9s par le biais de l&#8217;interactivit\u00e9 pouvant s&#8217;\u00e9tablir entre vous et notre site Web et ce, de la fa\u00e7on suivante: Contact Gestion du site Web (pr\u00e9sentation, organisation) Nous utilisons les renseignements ainsi collect\u00e9s pour les finalit\u00e9s suivantes : Commentaires Correspondance Informations ou pour des offres promotionnelles Droit d&#8217;opposition et de retrait Nous nous engageons \u00e0 vous offrir un droit d&#8217;opposition et de retrait quant \u00e0 vos renseignements personnels. Le droit d&#8217;opposition s&#8217;entend comme \u00e9tant la possiblit\u00e9 offerte aux internautes de refuser que leurs renseignements personnels soient utilis\u00e9es \u00e0 certaines fins mentionn\u00e9es lors de la collecte. Le droit de retrait s&#8217;entend <a href=\"https:\/\/sgp-sa.com\/en\/privacy-policy\/\" title=\"Read more on Privacy policy\" class=\"more-link\">read more<\/a><\/p>","protected":false},"excerpt":{"rendered":"<p>Politique de confidentialit\u00e9. Introduction Devant le d\u00e9veloppement des nouveaux outils de communication, il est n\u00e9cessaire de porter une attention particuli\u00e8re \u00e0 la protection de la vie priv\u00e9e. C&#8217;est pourquoi, nous nous engageons \u00e0 respecter la confidentialit\u00e9 des renseignements personnels que nous collectons. Collecte des renseignements personnels Nous collectons les renseignements suivants : Nom Pr\u00e9nom Adresse &hellip;<\/p>","protected":false},"author":2,"featured_media":0,"parent":0,"menu_order":0,"comment_status":"closed","ping_status":"closed","template":"","meta":{"footnotes":""},"_links":{"self":[{"href":"https:\/\/sgp-sa.com\/en\/wp-json\/wp\/v2\/pages\/1300"}],"collection":[{"href":"https:\/\/sgp-sa.com\/en\/wp-json\/wp\/v2\/pages"}],"about":[{"href":"https:\/\/sgp-sa.com\/en\/wp-json\/wp\/v2\/types\/page"}],"author":[{"embeddable":true,"href":"https:\/\/sgp-sa.com\/en\/wp-json\/wp\/v2\/users\/2"}],"replies":[{"embeddable":true,"href":"https:\/\/sgp-sa.com\/en\/wp-json\/wp\/v2\/comments?post=1300"}],"version-history":[{"count":0,"href":"https:\/\/sgp-sa.com\/en\/wp-json\/wp\/v2\/pages\/1300\/revisions"}],"wp:attachment":[{"href":"https:\/\/sgp-sa.com\/en\/wp-json\/wp\/v2\/media?parent=1300"}],"curies":[{"name":"wp","href":"https:\/\/api.w.org\/{rel}","templated":true}]}}